{"id":4484,"date":"2024-10-04T20:13:28","date_gmt":"2024-10-04T17:13:28","guid":{"rendered":"https:\/\/blog.camperlogy.com\/datenschutzerklaerung-kvkk\/"},"modified":"2024-10-23T22:23:40","modified_gmt":"2024-10-23T19:23:40","slug":"datenschutzerklaerung-kvkk","status":"publish","type":"page","link":"https:\/\/www.camperlogy-blog.com\/de\/datenschutzerklaerung-kvkk\/","title":{"rendered":"Datenschutzerkl\u00e4rung &#8211; KVKK"},"content":{"rendered":"\t\t<div data-elementor-type=\"wp-page\" data-elementor-id=\"4484\" class=\"elementor elementor-4484 elementor-3\" data-elementor-post-type=\"page\">\n\t\t\t\t<div class=\"elementor-element elementor-element-67fb909d e-flex e-con-boxed e-con e-parent\" data-id=\"67fb909d\" data-element_type=\"container\" data-settings=\"{&quot;ekit_has_onepagescroll_dot&quot;:&quot;yes&quot;}\">\n\t\t\t\t\t<div class=\"e-con-inner\">\n\t\t\t\t<div class=\"elementor-element elementor-element-508ea107 elementor-widget elementor-widget-text-editor\" data-id=\"508ea107\" data-element_type=\"widget\" data-settings=\"{&quot;ekit_we_effect_on&quot;:&quot;none&quot;}\" data-widget_type=\"text-editor.default\">\n\t\t\t\t<div class=\"elementor-widget-container\">\n\t\t\t\t\t\t\t\t\t<div class=\"elementor-element elementor-element-1020240 elementor-widget elementor-widget-heading\" data-id=\"1020240\" data-element_type=\"widget\" data-settings=\"{\"ekit_we_effect_on\":\"none\"}\" data-widget_type=\"heading.default\">\n<div class=\"elementor-widget-container\">\n<h2 class=\"elementor-heading-title elementor-size-default\">Datenschutzerkl\u00e4rung &#8211; KVKK<\/h2>\n<\/div>\n<\/div>\n<div class=\"elementor-element elementor-element-2fbeda5e elementor-widget elementor-widget-text-editor\" data-id=\"2fbeda5e\" data-element_type=\"widget\" data-settings=\"{\"ekit_we_effect_on\":\"none\"}\" data-widget_type=\"text-editor.default\">\n<div class=\"elementor-widget-container\">\n<p><strong><br>AUFA Global Solutions Software Import Export Limited Company Markenname aufa-global.com und Camperlogy GENERAL DISCLOSURE STATEMENT REGARDING OF THE PROCESSING OF PERSONAL DATA<\/strong><\/p>\n<p>Gem\u00e4\u00df Artikel 10 des Gesetzes Nr. 6698 \u00fcber den Schutz personenbezogener Daten (&#8222;KVKK&#8220;) m\u00f6chten wir als AUFA Global Solutions Yaz\u0131l\u0131m \u0130thalat \u0130hracat Limited \u015eirketi (&#8222;aufa-global.com&#8220; oder &#8222;Unternehmen&#8220;) Sie \u00fcber die Verarbeitung personenbezogener Daten informieren und aufkl\u00e4ren, die wir in der Eigenschaft als Datenverantwortlicher durchf\u00fchren. <\/p>\n<p>(1) Datenverantwortlicher und Beauftragter Ihre pers\u00f6nlichen Daten k\u00f6nnen von aufa-global.com als Datenverantwortlichem f\u00fcr die unten beschriebenen Zwecke und beschr\u00e4nkt auf diese, in \u00dcbereinstimmung mit dem Gesetz und den Regeln der Ehrlichkeit und soweit gesetzlich zul\u00e4ssig und\/oder auf den Zweck, f\u00fcr den sie verarbeitet werden, beschr\u00e4nkt, verarbeitet, aufgezeichnet, gespeichert, klassifiziert, aktualisiert und an Dritte weitergegeben\/\u00fcbertragen werden.<\/p>\n<p>(2) Zweck der Verarbeitung Ihrer pers\u00f6nlichen Daten Ihre pers\u00f6nlichen Daten, in \u00dcbereinstimmung mit den in der KVKK festgelegten Grundprinzipien;<\/p>\n<p><br><br>Um die Gesch\u00e4ftsaktivit\u00e4ten, Gesch\u00e4ftsbeziehungen und Personalprozesse unseres Unternehmens durchf\u00fchren zu k\u00f6nnen, um die Anforderungen der betreffenden Personen zu erf\u00fcllen, um Ihnen Produkte und Dienstleistungen auf die geeignetste Weise anzubieten, um Marketing- und technische Prozesse fortzusetzen,<\/p>\n<p>Sie werden im Rahmen der Ausf\u00fchrung unserer Arbeit zur Gew\u00e4hrleistung der gesch\u00e4ftlichen Sicherheit des Unternehmens verarbeitet und sicher auf physischen oder elektronischen Datentr\u00e4gern f\u00fcr einen dem Zweck der Verarbeitung angemessenen Zeitraum aufbewahrt. Im Rahmen dieser T\u00e4tigkeiten handelt unser Unternehmen in \u00dcbereinstimmung mit den Verpflichtungen, die in allen einschl\u00e4gigen Rechtsvorschriften, insbesondere der KVKK, zum Schutz personenbezogener Daten festgelegt sind. <\/p>\n<p>Ausf\u00fchrliche Informationen \u00fcber die Datenverarbeitungspolitik unseres Unternehmens finden Sie in der Datenschutzerkl\u00e4rung von aufa-global.com, https:\/\/www.camperlogy-blog.com und https:\/\/www.camperlogy.com.tr unter http:\/\/www.aufa-global.com\/.<\/p>\n<p>3. die Weitergabe Ihrer pers\u00f6nlichen Daten Ihre pers\u00f6nlichen Daten werden von aufa-global.com, https:\/\/www.camperlogy-blog.com und https:\/\/www.camperlogy.com.tr in \u00dcbereinstimmung mit dem Gesetz verarbeitet; unsere wichtigsten Partner- und Konzerngesellschaften, Gerichte und Exekutivdirektionen, offizielle Institutionen, Handelsregister\u00e4mter, Banken, Anwaltskanzleien, Notare, externe Dienstleister und H\u00e4ndler und andere Dritte k\u00f6nnen aufgrund unserer verschiedenen gesetzlichen Verpflichtungen offengelegt \/ \u00fcbertragen werden.<\/p>\n<p> 6\/3 von KVKK, ohne Ihre ausdr\u00fcckliche Zustimmung, an Personen und\/oder Organisationen, die in ausl\u00e4ndischen L\u00e4ndern ans\u00e4ssig sind, f\u00fcr die der Datenschutzausschuss (&#8222;Ausschuss&#8220;) einen angemessenen Schutz feststellt und bekannt gibt, oder an L\u00e4nder, in denen sich die f\u00fcr die Datenverarbeitung Verantwortlichen in dem Land, in das die personenbezogenen Daten \u00fcbermittelt werden, schriftlich zu einem angemessenen Schutz verpflichten, beschr\u00e4nkt auf die F\u00e4lle, in denen die Genehmigung des Ausschusses eingeholt werden kann, auch wenn sie nicht vom Ausschuss festgestellt und bekannt gegeben wurde.  <\/p>\n<p>Ihre pers\u00f6nlichen Daten werden von aufa-global.com \u00fcber verschiedene Kan\u00e4le und auf der Grundlage der oben genannten rechtlichen Gr\u00fcnde gesammelt, um unsere Aktivit\u00e4ten durchzuf\u00fchren.<\/p>\n<p>In diesem Rahmen k\u00f6nnen Ihre personenbezogenen Daten verarbeitet oder \u00fcbermittelt werden, indem eine ausdr\u00fcckliche Zustimmung im Lichte der in Artikel 4\/2 des KVKK festgelegten Grunds\u00e4tze eingeholt wird oder bei Vorliegen der in Artikel 5\/2 des KVKK und Artikel 6\/3 des KVKK festgelegten Bedingungen, ohne dass eine ausdr\u00fcckliche Zustimmung eingeholt wird.   <\/p>\n<p>F\u00fcr alle Ihre Anfragen k\u00f6nnen Sie das Antragsformular f\u00fcr Dateninhaber auf unseren Websites http:\/\/www.aufa-global.com\/, https:\/\/www.camperlogy-blog.com und https:\/\/www.camperlogy.com.tr in elektronischer Form ausf\u00fcllen und es \u00fcber die im entsprechenden Formular angegebenen Kan\u00e4le an unser Unternehmen senden, einschlie\u00dflich der M\u00f6glichkeit, es elektronisch zu versenden. <\/p>\n<p>Antr\u00e4ge, die von aufa-global.com gem\u00e4\u00df Artikel 11 der KVKK gestellt werden, werden umgehend, effektiv und umfassend gepr\u00fcft und Ihr Antrag wird je nach Art des Antrags so schnell wie m\u00f6glich, sp\u00e4testens jedoch innerhalb von drei\u00dfig (30) Tagen, kostenlos abgeschlossen. Sollten jedoch die f\u00fcr die Pr\u00fcfung und den Abschluss Ihres Antrags durchzuf\u00fchrenden Verfahren zus\u00e4tzliche Kosten verursachen, werden Ihnen die Geb\u00fchren nach dem von der Kammer festgelegten Tarif in Rechnung gestellt.  <\/p>\n<p>Ihre Rechte gem\u00e4\u00df dem oben genannten Artikel sind wie folgt:<\/p>\n<ul>\n<li>Um zu erfahren, ob Ihre pers\u00f6nlichen Daten von aufa-global.com verarbeitet werden,<\/li>\n<li>Fordern Sie Informationen an, wenn Ihre pers\u00f6nlichen Daten verarbeitet wurden,<\/li>\n<li>Um zu erfahren, zu welchem Zweck Ihre personenbezogenen Daten verarbeitet werden und ob sie entsprechend ihrem Zweck verwendet werden,<\/li>\n<li>die Dritten zu kennen, an die personenbezogene Daten im In- oder Ausland \u00fcbermittelt werden,<\/li>\n<li>die Berichtigung personenbezogener Daten im Falle einer unvollst\u00e4ndigen oder falschen Verarbeitung zu verlangen,<\/li>\n<li>Die L\u00f6schung oder Vernichtung personenbezogener Daten im Rahmen der in Artikel 7 des KVKK festgelegten Bedingungen zu beantragen, <\/li>\n<li>Um eine Benachrichtigung \u00fcber die gem\u00e4\u00df Artikel 11 (d) und (e) der LPPD durchgef\u00fchrten Transaktionen an Dritte, an die personenbezogene Daten \u00fcbermittelt werden, zu beantragen,   <\/li>\n<li>Einspruch zu erheben, falls Ihre pers\u00f6nlichen Daten ausschlie\u00dflich durch automatisierte Systeme analysiert werden und dies nachteilige Folgen f\u00fcr Sie hat,<\/li>\n<li>Im Falle eines Schadens, der Ihnen durch die Verarbeitung Ihrer personenbezogenen Daten unter Verletzung der einschl\u00e4gigen Rechtsvorschriften entsteht, den Ersatz des Schadens zu verlangen,<\/li>\n<li>Ihre pers\u00f6nlichen Daten zu \u00fcberpr\u00fcfen und zu korrigieren, falls sie unrichtig sind.<\/li>\n<\/ul>\n<p>* Diese Offenlegungserkl\u00e4rung (&#8222;Erkl\u00e4rung&#8220;) wurde am 20.07.2024 erstellt. Im Falle einer \u00c4nderung des Textes der Erkl\u00e4rung werden das Datum des Inkrafttretens und der Inhalt dieser Erkl\u00e4rung aktualisiert. <\/p>\n<\/div>\n<\/div>\t\t\t\t\t\t\t\t<\/div>\n\t\t\t\t<\/div>\n\t\t\t\t\t<\/div>\n\t\t\t\t<\/div>\n\t\t\t\t<\/div>\n\t\t","protected":false},"excerpt":{"rendered":"<p>Datenschutzerkl\u00e4rung &#8211; KVKK AUFA Global Solutions Software Import Export Limited Company Markenname aufa-global.com und Camperlogy GENERAL DISCLOSURE STATEMENT REGARDING OF THE PROCESSING OF PERSONAL DATA Gem\u00e4\u00df Artikel 10 des Gesetzes Nr. 6698 \u00fcber den Schutz personenbezogener Daten (&#8222;KVKK&#8220;) m\u00f6chten wir als AUFA Global Solutions Yaz\u0131l\u0131m \u0130thalat \u0130hracat Limited \u015eirketi (&#8222;aufa-global.com&#8220; oder &#8222;Unternehmen&#8220;) Sie \u00fcber die [&hellip;]<\/p>\n","protected":false},"author":1,"featured_media":0,"parent":0,"menu_order":0,"comment_status":"closed","ping_status":"closed","template":"","meta":{"footnotes":""},"class_list":["post-4484","page","type-page","status-publish"],"_links":{"self":[{"href":"https:\/\/www.camperlogy-blog.com\/de\/wp-json\/wp\/v2\/pages\/4484","targetHints":{"allow":["GET"]}}],"collection":[{"href":"https:\/\/www.camperlogy-blog.com\/de\/wp-json\/wp\/v2\/pages"}],"about":[{"href":"https:\/\/www.camperlogy-blog.com\/de\/wp-json\/wp\/v2\/types\/page"}],"author":[{"embeddable":true,"href":"https:\/\/www.camperlogy-blog.com\/de\/wp-json\/wp\/v2\/users\/1"}],"replies":[{"embeddable":true,"href":"https:\/\/www.camperlogy-blog.com\/de\/wp-json\/wp\/v2\/comments?post=4484"}],"version-history":[{"count":0,"href":"https:\/\/www.camperlogy-blog.com\/de\/wp-json\/wp\/v2\/pages\/4484\/revisions"}],"wp:attachment":[{"href":"https:\/\/www.camperlogy-blog.com\/de\/wp-json\/wp\/v2\/media?parent=4484"}],"curies":[{"name":"wp","href":"https:\/\/api.w.org\/{rel}","templated":true}]}}